{"id":117,"date":"2025-05-05T20:11:33","date_gmt":"2025-05-05T20:11:33","guid":{"rendered":"https:\/\/lubelskiekajaki.pl\/?page_id=117"},"modified":"2025-07-09T20:39:41","modified_gmt":"2025-07-09T20:39:41","slug":"oferta","status":"publish","type":"page","link":"https:\/\/lubelskiekajaki.pl\/?page_id=117","title":{"rendered":"Kajaki na Wieprzu"},"content":{"rendered":"\n<figure class=\"wp-block-image size-large\"><img loading=\"lazy\" decoding=\"async\" width=\"1024\" height=\"284\" src=\"https:\/\/lubelskiekajaki.pl\/wp-content\/uploads\/2025\/07\/kajakiemprzezNPK_1-1024x284.png\" alt=\"\" class=\"wp-image-196\" srcset=\"https:\/\/lubelskiekajaki.pl\/wp-content\/uploads\/2025\/07\/kajakiemprzezNPK_1-1024x284.png 1024w, https:\/\/lubelskiekajaki.pl\/wp-content\/uploads\/2025\/07\/kajakiemprzezNPK_1-300x83.png 300w, https:\/\/lubelskiekajaki.pl\/wp-content\/uploads\/2025\/07\/kajakiemprzezNPK_1-768x213.png 768w, https:\/\/lubelskiekajaki.pl\/wp-content\/uploads\/2025\/07\/kajakiemprzezNPK_1.png 1080w\" sizes=\"auto, (max-width: 767px) 89vw, (max-width: 1000px) 54vw, (max-width: 1071px) 543px, 580px\" \/><\/figure>\n\n\n\n<p>Wieprz to nasza &#8220;podstawowa&#8221; rzeka. Na g\u0142\u00f3wne trasy sp\u0142yw\u00f3w upodobali\u015bmy sobie odcinek \u0141\u0119czna &#8211; Kijany &#8211; Zawieprzyce, kt\u00f3ry wed\u0142ug nas jest najbardziej urokliwym z ca\u0142ego <a href=\"https:\/\/parki.lubelskie.pl\/parki-krajobrazowe\/nadwieprzanski-park-krajobrazowy\/o-parku\">Nadwieprza\u0144skiego Parku Krajobrazowego<\/a>. <br><br>Poni\u017cej przedstawiamy odcinki rzeki, na kt\u00f3re najcz\u0119\u015bciej wypo\u017cyczamy kajaki, wraz z dystansami i czasem p\u0142yni\u0119cia.<br><br>Naszym zdaniem idealny czas spokojnego, relaksuj\u0105cego sp\u0142ywu to <strong>2 &#8211; 3h<\/strong>. Naszym ulubionym odcinkiem o takim czasie sp\u0142ywania jest ten <strong>z \u0141\u0119cznej do Kijan<\/strong>. <br><\/p>\n\n\n\n<h2 class=\"wp-block-heading\">Odcinki naszych sp\u0142yw\u00f3w Wieprzem:<br><\/h2>\n\n\n\n<figure class=\"wp-block-table is-style-stripes\"><table class=\"has-black-color has-text-color has-background has-link-color\" style=\"background-color:#05d10063\"><thead><tr><th>Odcinek<\/th><th>D\u0142ugo\u015b\u0107 <\/th><th>Czas s<strong>p\u0142ywu<\/strong><\/th><\/tr><\/thead><tbody><tr><td>Jaszcz\u00f3w &#8211; \u0141\u0119czna<\/td><td>22 km<\/td><td>5h<\/td><\/tr><tr><td><em>\u0141\u0119czna &#8211; Kijany<\/em><\/td><td>13 km<\/td><td>2-3h<\/td><\/tr><tr><td><em>Kijany &#8211; Zawieprzyce<\/em><\/td><td>5 km<\/td><td>1h<\/td><\/tr><tr><td>Zawieprzyce &#8211; Rokitno<\/td><td>11 km<\/td><td>2 &#8211; 2,5h<\/td><\/tr><tr><td>Rokitno &#8211; Serniki<\/td><td>8 km<\/td><td>1,5 &#8211; 2h<\/td><\/tr><tr><td>Serniki &#8211; Lubart\u00f3w<\/td><td>5 km<\/td><td>1 h<\/td><\/tr><\/tbody><\/table><\/figure>\n\n\n\n<p><\/p>\n\n\n\n<p>Powy\u017csze odcinki mo\u017cna ze sob\u0105 \u0142\u0105czy\u0107, np.: \u0141\u0119czna &#8211; Zawieprzyce, Kijany &#8211; Rokitno itd. <\/p>\n\n\n\n<p><\/p>\n\n\n\n<p>P\u0142ywamy tak\u017ce po innych odcinkach. Najcz\u0119\u015bciej pomi\u0119dzy Jaszczowem a Lubartowem. Je\u015bli wolisz inne miejsca lub rzeki, dowieziemy kajaki na ka\u017cdy odcinek, a tak\u017ce na inne rzeki w okolicy i nie tylko. <\/p>\n\n\n\n<p><\/p>\n\n\n\n<p>Je\u015bli chcesz pop\u0142ywa\u0107 kajakiem po Wieprzu &#8211; zapraszamy do nas. <\/p>\n\n\n\n<p>Je\u015bli chcesz zobaczy\u0107, jak pi\u0119knie wygl\u0105daj\u0105 kajaki na Wieprzu &#8211; my to gwarantujemy.<\/p>\n\n\n\n<p>Je\u015bli szuka\u0142e\u015b\/a\u015b w wyszukiwarce frazy &#8220;kajaki lubelskie&#8221;, to \u015bwietnie trafi\u0142e\u015b\/a\u015b. Wpadnij na najbardziej lubelsk\u0105 z rzek naszego wojew\u00f3dztwa. Wieprz w ca\u0142o\u015bci p\u0142ynie przez wojew\u00f3dztwo lubelskie. Zaczyna sw\u00f3j bieg na Roztoczu, nast\u0119pnie p\u0142ynie przez okolice Krasnegostawu, potem mija Trawniki, by wp\u0142yn\u0105\u0107 w okolice \u0141\u0119cznej, gdzie my p\u0142ywamy naszymi kajakami. Potem Wieprz mija Lubart\u00f3w, Kock i kieruje sw\u00f3j bieg w okolice Baranowa, Ko\u015bmina i w D\u0119blinie zasila swoimi wodami Wis\u0142\u0119. My znamy rzek\u0119 w ca\u0142o\u015bci, bo przep\u0142yn\u0119li\u015bmy ca\u0142y jej szlak. I na tej podstawie polecamy odcinek \u0141\u0119czna &#8211; Kijany &#8211; Zawieprzyce, jako jeden z naszych ulubionych i \u015bwietnie nadaj\u0105cy si\u0119 na kajakowanie po Wieprzu. <br><br><\/p>\n","protected":false},"excerpt":{"rendered":"<p>Wieprz to nasza &#8220;podstawowa&#8221; rzeka. Na g\u0142\u00f3wne trasy sp\u0142yw\u00f3w upodobali\u015bmy sobie odcinek \u0141\u0119czna &#8211; Kijany &#8211; Zawieprzyce, kt\u00f3ry wed\u0142ug nas jest najbardziej urokliwym z ca\u0142ego Nadwieprza\u0144skiego Parku Krajobrazowego. Poni\u017cej przedstawiamy odcinki rzeki, na kt\u00f3re najcz\u0119\u015bciej wypo\u017cyczamy kajaki, wraz z dystansami i czasem p\u0142yni\u0119cia. Naszym zdaniem idealny czas spokojnego, relaksuj\u0105cego sp\u0142ywu to 2 &#8211; 3h. Naszym &hellip; <\/p>\n<p class=\"link-more\"><a href=\"https:\/\/lubelskiekajaki.pl\/?page_id=117\" class=\"more-link\">Continue reading<span class=\"screen-reader-text\"> &#8220;Kajaki na Wieprzu&#8221;<\/span><\/a><\/p>\n","protected":false},"author":1,"featured_media":0,"parent":0,"menu_order":0,"comment_status":"closed","ping_status":"closed","template":"","meta":{"_regular_price":[],"currency_symbol":[],"footnotes":""},"class_list":["post-117","page","type-page","status-publish","hentry"],"post_slider_layout_featured_media_urls":{"thumbnail":"","post_slider_layout_landscape_large":"","post_slider_layout_portrait_large":"","post_slider_layout_square_large":"","post_slider_layout_landscape":"","post_slider_layout_portrait":"","post_slider_layout_square":"","full":""},"_links":{"self":[{"href":"https:\/\/lubelskiekajaki.pl\/index.php?rest_route=\/wp\/v2\/pages\/117","targetHints":{"allow":["GET"]}}],"collection":[{"href":"https:\/\/lubelskiekajaki.pl\/index.php?rest_route=\/wp\/v2\/pages"}],"about":[{"href":"https:\/\/lubelskiekajaki.pl\/index.php?rest_route=\/wp\/v2\/types\/page"}],"author":[{"embeddable":true,"href":"https:\/\/lubelskiekajaki.pl\/index.php?rest_route=\/wp\/v2\/users\/1"}],"replies":[{"embeddable":true,"href":"https:\/\/lubelskiekajaki.pl\/index.php?rest_route=%2Fwp%2Fv2%2Fcomments&post=117"}],"version-history":[{"count":15,"href":"https:\/\/lubelskiekajaki.pl\/index.php?rest_route=\/wp\/v2\/pages\/117\/revisions"}],"predecessor-version":[{"id":205,"href":"https:\/\/lubelskiekajaki.pl\/index.php?rest_route=\/wp\/v2\/pages\/117\/revisions\/205"}],"wp:attachment":[{"href":"https:\/\/lubelskiekajaki.pl\/index.php?rest_route=%2Fwp%2Fv2%2Fmedia&parent=117"}],"curies":[{"name":"wp","href":"https:\/\/api.w.org\/{rel}","templated":true}]}}