{"id":159,"date":"2025-05-12T22:56:12","date_gmt":"2025-05-12T22:56:12","guid":{"rendered":"https:\/\/lubelskiekajaki.pl\/?page_id=159"},"modified":"2025-07-09T20:34:28","modified_gmt":"2025-07-09T20:34:28","slug":"nasz-sprzet","status":"publish","type":"page","link":"https:\/\/lubelskiekajaki.pl\/?page_id=159","title":{"rendered":"Nasz sprz\u0119t"},"content":{"rendered":"\n\n\n\n\n<div class=\"wp-block-ive-ibtana-visual-editorheading\"><div class=\"ive-advanced-text-wrap ive-div-advance-text_181815-51 undefined text-center text-md-center text-lg-center text-xl-center\"><h2 class=\"ive-heading-parent undefined ive-advanced-text-inner-wrap ive-adv-advance-text_181815-51 ive-lh-xs-30 ive-lh-sm-30 ive-lh-md-30 ive-lh-lg-30 ive-lh-xl-30\" id=\"ive-adv-advance-text_181815-51\"><\/h2><\/div><\/div>\n\n\n\n<h2 class=\"wp-block-heading\">Kajaki dwuosobowe:<\/h2>\n\n\n\n<figure class=\"wp-block-image size-large\"><img loading=\"lazy\" decoding=\"async\" width=\"1024\" height=\"284\" src=\"https:\/\/lubelskiekajaki.pl\/wp-content\/uploads\/2025\/07\/komfortowedwojki-1024x284.png\" alt=\"\" class=\"wp-image-199\" srcset=\"https:\/\/lubelskiekajaki.pl\/wp-content\/uploads\/2025\/07\/komfortowedwojki-1024x284.png 1024w, https:\/\/lubelskiekajaki.pl\/wp-content\/uploads\/2025\/07\/komfortowedwojki-300x83.png 300w, https:\/\/lubelskiekajaki.pl\/wp-content\/uploads\/2025\/07\/komfortowedwojki-768x213.png 768w, https:\/\/lubelskiekajaki.pl\/wp-content\/uploads\/2025\/07\/komfortowedwojki.png 1080w\" sizes=\"auto, (max-width: 767px) 89vw, (max-width: 1000px) 54vw, (max-width: 1071px) 543px, 580px\" \/><\/figure>\n\n\n\n<ol class=\"wp-block-list\">\n<li><a href=\"https:\/\/roteko.pl\/produkt\/kajak-dwuosobowy-caymann-ecoline.html\">Roteko Caymann<\/a><\/li>\n<\/ol>\n\n\n\n<figure class=\"wp-block-image size-large\"><img loading=\"lazy\" decoding=\"async\" width=\"1024\" height=\"318\" src=\"https:\/\/lubelskiekajaki.pl\/wp-content\/uploads\/2025\/05\/caymann-1-1024x318.png\" alt=\"\" class=\"wp-image-162\" srcset=\"https:\/\/lubelskiekajaki.pl\/wp-content\/uploads\/2025\/05\/caymann-1-1024x318.png 1024w, https:\/\/lubelskiekajaki.pl\/wp-content\/uploads\/2025\/05\/caymann-1-300x93.png 300w, https:\/\/lubelskiekajaki.pl\/wp-content\/uploads\/2025\/05\/caymann-1-768x239.png 768w, https:\/\/lubelskiekajaki.pl\/wp-content\/uploads\/2025\/05\/caymann-1-1536x477.png 1536w, https:\/\/lubelskiekajaki.pl\/wp-content\/uploads\/2025\/05\/caymann-1-2048x636.png 2048w\" sizes=\"auto, (max-width: 767px) 89vw, (max-width: 1000px) 54vw, (max-width: 1071px) 543px, 580px\" \/><\/figure>\n\n\n\n<p>Kr\u00f3tki i zwinny kajak dwuosobowy, z mo\u017cliwo\u015bci\u0105 dostawienia trzeciego oparcia, dla ma\u0142ego dziecka. Wyposa\u017cony w gumki do przewozu baga\u017cu i miejsce na beczk\u0119 transportow\u0105 na rufie. Doskona\u0142y na w\u0119\u017csze rzeki, ale dobry tak\u017ce na wi\u0119kszych akwenach.<\/p>\n\n\n\n<p><\/p>\n\n\n\n<p>2. <a href=\"https:\/\/roteko.pl\/produkt\/kajak-dwuosobowy-sprinter-ii.html\">Roteko Sprinter<\/a><\/p>\n\n\n\n<figure class=\"wp-block-image size-large\"><img loading=\"lazy\" decoding=\"async\" width=\"1024\" height=\"236\" src=\"https:\/\/lubelskiekajaki.pl\/wp-content\/uploads\/2025\/05\/sprinter-1024x236.png\" alt=\"\" class=\"wp-image-163\" srcset=\"https:\/\/lubelskiekajaki.pl\/wp-content\/uploads\/2025\/05\/sprinter-1024x236.png 1024w, https:\/\/lubelskiekajaki.pl\/wp-content\/uploads\/2025\/05\/sprinter-300x69.png 300w, https:\/\/lubelskiekajaki.pl\/wp-content\/uploads\/2025\/05\/sprinter-768x177.png 768w, https:\/\/lubelskiekajaki.pl\/wp-content\/uploads\/2025\/05\/sprinter-1536x354.png 1536w, https:\/\/lubelskiekajaki.pl\/wp-content\/uploads\/2025\/05\/sprinter-2048x472.png 2048w\" sizes=\"auto, (max-width: 767px) 89vw, (max-width: 1000px) 54vw, (max-width: 1071px) 543px, 580px\" \/><\/figure>\n\n\n\n<p>Szybki i wygodny kajak do p\u0142ywania we dw\u00f3jk\u0119. Mamy wersj\u0119 bez luku baga\u017cowego, w kolorze ciemnozielonym, z ekologicznego PE z recyklingu.<\/p>\n\n\n\n<p><\/p>\n\n\n\n<p>3. <a href=\"https:\/\/roteko.pl\/produkt\/kajak-dwuosobowy-rafa-ecoline.html\">Roteko Rafa<\/a><\/p>\n\n\n\n<figure class=\"wp-block-image size-large\"><img loading=\"lazy\" decoding=\"async\" width=\"1024\" height=\"288\" src=\"https:\/\/lubelskiekajaki.pl\/wp-content\/uploads\/2025\/05\/rafa-1024x288.png\" alt=\"\" class=\"wp-image-164\" srcset=\"https:\/\/lubelskiekajaki.pl\/wp-content\/uploads\/2025\/05\/rafa-1024x288.png 1024w, https:\/\/lubelskiekajaki.pl\/wp-content\/uploads\/2025\/05\/rafa-300x84.png 300w, https:\/\/lubelskiekajaki.pl\/wp-content\/uploads\/2025\/05\/rafa-768x216.png 768w, https:\/\/lubelskiekajaki.pl\/wp-content\/uploads\/2025\/05\/rafa-1536x432.png 1536w, https:\/\/lubelskiekajaki.pl\/wp-content\/uploads\/2025\/05\/rafa-2048x576.png 2048w\" sizes=\"auto, (max-width: 767px) 89vw, (max-width: 1000px) 54vw, (max-width: 1071px) 543px, 580px\" \/><\/figure>\n\n\n\n<p>Popularny kajak rekreacyjny w wersji dla 2 os\u00f3b, z mo\u017cliwo\u015bci\u0105 dostawienia dodatkowego oparcia dla ma\u0142ego dziecka. Wygodne siedzenia z oparciami i uchwytami na napoje. Obszerny kokpit zapewniaj\u0105cy wygod\u0119 wszystkim kajakarzom, niezale\u017cnie od gabaryt\u00f3w.<\/p>\n\n\n\n<p><\/p>\n\n\n\n<p>4. <a href=\"https:\/\/caribou.pl\/\">Caribou Adventure 430<\/a><\/p>\n\n\n\n<ol class=\"wp-block-list\">\n<li><\/li>\n<\/ol>\n\n\n\n<figure class=\"wp-block-image size-full\"><img loading=\"lazy\" decoding=\"async\" width=\"889\" height=\"221\" src=\"https:\/\/lubelskiekajaki.pl\/wp-content\/uploads\/2025\/05\/caribou-1.png\" alt=\"\" class=\"wp-image-166\" srcset=\"https:\/\/lubelskiekajaki.pl\/wp-content\/uploads\/2025\/05\/caribou-1.png 889w, https:\/\/lubelskiekajaki.pl\/wp-content\/uploads\/2025\/05\/caribou-1-300x75.png 300w, https:\/\/lubelskiekajaki.pl\/wp-content\/uploads\/2025\/05\/caribou-1-768x191.png 768w\" sizes=\"auto, (max-width: 767px) 89vw, (max-width: 1000px) 54vw, (max-width: 1071px) 543px, 580px\" \/><\/figure>\n\n\n\n<p>Kajak premium polskiego, innowacyjnego, producenta. U nas w wersji z lukiem baga\u017cowym, podn\u00f3\u017ckami i superwygodnymi siedzeniami z wy\u015bcie\u0142anymi siedzickami i oparciami oraz z dostawk\u0105 dla dziecka, r\u00f3wnie\u017c z mi\u0119kk\u0105 wy\u015bci\u00f3\u0142k\u0105. Do tego gumki bungee na dodatkowe baga\u017ce. <\/p>\n\n\n\n<p><\/p>\n\n\n\n<p><\/p>\n\n\n\n<p>Wszystkie powy\u017csze kajaki to sprz\u0119t polskiej produkcji, wykonany z najwy\u017cszej jako\u015bci polietylenu. Wszystkie s\u0105 dwuosobowe, z mo\u017cliwo\u015bci\u0105 dodania tzw. &#8220;dostawki&#8221; dla dziecka do 8. r.\u017c. <\/p>\n\n\n\n<p>Kajaki s\u0105 zbudowane tak, by zapewnia\u0107 wygodne p\u0142ywanie zar\u00f3wno w trakcie kr\u00f3tkich sp\u0142yw\u00f3w rekreacyjnych jak i wielodniowych wypraw. R\u00f3\u017cne modele maj\u0105 r\u00f3\u017cne <\/p>\n\n\n\n<p>wyposa\u017cenie i nadaj\u0105 si\u0119 do r\u00f3\u017cnych zastosowa\u0144.<\/p>\n\n\n\n<h2 class=\"wp-block-heading\">Kajaki jednoosobowe:<\/h2>\n\n\n\n<figure class=\"wp-block-image size-large\"><img loading=\"lazy\" decoding=\"async\" width=\"1024\" height=\"284\" src=\"https:\/\/lubelskiekajaki.pl\/wp-content\/uploads\/2025\/07\/jedynki_dla_wszystkich-1024x284.png\" alt=\"\" class=\"wp-image-201\" srcset=\"https:\/\/lubelskiekajaki.pl\/wp-content\/uploads\/2025\/07\/jedynki_dla_wszystkich-1024x284.png 1024w, https:\/\/lubelskiekajaki.pl\/wp-content\/uploads\/2025\/07\/jedynki_dla_wszystkich-300x83.png 300w, https:\/\/lubelskiekajaki.pl\/wp-content\/uploads\/2025\/07\/jedynki_dla_wszystkich-768x213.png 768w, https:\/\/lubelskiekajaki.pl\/wp-content\/uploads\/2025\/07\/jedynki_dla_wszystkich.png 1080w\" sizes=\"auto, (max-width: 767px) 89vw, (max-width: 1000px) 54vw, (max-width: 1071px) 543px, 580px\" \/><\/figure>\n\n\n\n<ol class=\"wp-block-list\">\n<li><a href=\"https:\/\/sklep.kanokajaki.pl\/srodladowe\/486-1467-kajak-pelican-argo-100x.html#\/145-kolor-red_white\">Pelican Argo 100x<\/a><\/li>\n<\/ol>\n\n\n\n<figure class=\"wp-block-image size-full\"><img loading=\"lazy\" decoding=\"async\" width=\"799\" height=\"345\" src=\"https:\/\/lubelskiekajaki.pl\/wp-content\/uploads\/2025\/07\/kajak-pelican-argo-100x-1.jpg\" alt=\"\" class=\"wp-image-184\" srcset=\"https:\/\/lubelskiekajaki.pl\/wp-content\/uploads\/2025\/07\/kajak-pelican-argo-100x-1.jpg 799w, https:\/\/lubelskiekajaki.pl\/wp-content\/uploads\/2025\/07\/kajak-pelican-argo-100x-1-300x130.jpg 300w, https:\/\/lubelskiekajaki.pl\/wp-content\/uploads\/2025\/07\/kajak-pelican-argo-100x-1-768x332.jpg 768w\" sizes=\"auto, (max-width: 767px) 89vw, (max-width: 1000px) 54vw, (max-width: 1071px) 543px, 580px\" \/><\/figure>\n\n\n\n<p>Lekki, wygodny, stabilny kajak jednoosobowy. Dzi\u0119ki swojej szeroko\u015bci i przestronnemu kokpitowi \u015bwietny dla ka\u017cdego kajakarza, niezale\u017cnie od gabaryt\u00f3w. <br>Wyposa\u017cony w wygodne siedzenie z regulowanym oparciem, podn\u00f3\u017cki, ma\u0142y schowek z przodu i miejsce na baga\u017c z siatk\u0105 i gumkami z ty\u0142u. <\/p>\n\n\n\n<p>Ten kajak idealnie nadaje si\u0119 dla pocz\u0105tkujacych kajakarzy, ale doceni\u0105 go tak\u017ce do\u015bwiadczeni. Na pewno b\u0119dzie dobry do pierwszych krok\u00f3w (a raczej poci\u0105gni\u0119\u0107 wios\u0142em) w jedynce. <br>Na rzece kajakarze doceni\u0105 jego zwrotno\u015b\u0107. <\/p>\n\n\n\n<p><\/p>\n\n\n\n<p><\/p>\n\n\n\n<p><\/p>\n\n\n\n<p>2. <a href=\"https:\/\/www.paddleworld.com\/new-tahe-marine-playspirit-pe-kayak\/\">Tahe Marine PlaySpirit Pe 475<\/a><\/p>\n\n\n\n<ol class=\"wp-block-list\">\n<li><\/li>\n<\/ol>\n\n\n\n<p><\/p>\n\n\n\n<figure class=\"wp-block-image size-large\"><img loading=\"lazy\" decoding=\"async\" width=\"1024\" height=\"384\" src=\"https:\/\/lubelskiekajaki.pl\/wp-content\/uploads\/2025\/05\/Playspirit_or-1024x384.jpg\" alt=\"\" class=\"wp-image-167\" srcset=\"https:\/\/lubelskiekajaki.pl\/wp-content\/uploads\/2025\/05\/Playspirit_or-1024x384.jpg 1024w, https:\/\/lubelskiekajaki.pl\/wp-content\/uploads\/2025\/05\/Playspirit_or-300x113.jpg 300w, https:\/\/lubelskiekajaki.pl\/wp-content\/uploads\/2025\/05\/Playspirit_or-768x288.jpg 768w, https:\/\/lubelskiekajaki.pl\/wp-content\/uploads\/2025\/05\/Playspirit_or-1536x576.jpg 1536w, https:\/\/lubelskiekajaki.pl\/wp-content\/uploads\/2025\/05\/Playspirit_or.jpg 1600w\" sizes=\"auto, (max-width: 767px) 89vw, (max-width: 1000px) 54vw, (max-width: 1071px) 543px, 580px\" \/><\/figure>\n\n\n\n<p>Wyprawowy kajak na rzeki i jeziora. \u015awietny na d\u0142ugie wyprawy, wielodniowe sp\u0142ywy. Wyposa\u017cony w wysuwany skeg i w ster. Ma trzy luki baga\u017cowe i gumki bungee do przewo\u017cenia baga\u017cu. Mamy ten kajak w kolorze \u017c\u00f3\u0142tym. Producent: Zegul &#8211; Estonia.<\/p>\n\n\n\n<p><\/p>\n\n\n\n<p><\/p>\n\n\n\n<p>3. <a href=\"https:\/\/sklep.kanokajaki.pl\/wyprawowe-i-morskie\/1115-3901-kajak-perception-expression-14-exp-promo.html#\/132-kolor-deja_vu\">Perception Expression 14 EXP<\/a><\/p>\n\n\n\n<figure class=\"wp-block-image size-full\"><img loading=\"lazy\" decoding=\"async\" width=\"1000\" height=\"284\" src=\"https:\/\/lubelskiekajaki.pl\/wp-content\/uploads\/2025\/05\/perception-expression-14-deja-vu-exp-l_1024x.webp\" alt=\"\" class=\"wp-image-168\" srcset=\"https:\/\/lubelskiekajaki.pl\/wp-content\/uploads\/2025\/05\/perception-expression-14-deja-vu-exp-l_1024x.webp 1000w, https:\/\/lubelskiekajaki.pl\/wp-content\/uploads\/2025\/05\/perception-expression-14-deja-vu-exp-l_1024x-300x85.webp 300w, https:\/\/lubelskiekajaki.pl\/wp-content\/uploads\/2025\/05\/perception-expression-14-deja-vu-exp-l_1024x-768x218.webp 768w\" sizes=\"auto, (max-width: 767px) 89vw, (max-width: 1000px) 54vw, (max-width: 1071px) 543px, 580px\" \/><\/figure>\n\n\n\n<p>Wyprawowy kajak na rzeki i jeziora. Doskona\u0142y na jedno i wielodniowe sp\u0142ywy. \u015awietny na kajakowe wyprawy. Na wi\u0119ksze akweny i wietrzn\u0105 pogod\u0119 ma wysuwany skeg. Wyposa\u017cony w dwa pojemne luki baga\u017cowe i gumki bungee. Ma wybitnie wygodne siedzenie Zone w wersji EXP, z regulowanym podparciem ud.<\/p>\n\n\n\n<p><\/p>\n\n\n\n<p><\/p>\n\n\n\n<p>4. <a href=\"https:\/\/sklep.kanokajaki.pl\/srodladowe\/1640-4658-kajak-scorpio-touring-350-hd.html#\/290-kolor-green\">Scorpio Touring 350 HD<\/a><\/p>\n\n\n\n<figure class=\"wp-block-image size-full\"><img loading=\"lazy\" decoding=\"async\" width=\"800\" height=\"364\" src=\"https:\/\/lubelskiekajaki.pl\/wp-content\/uploads\/2025\/05\/kajak-scorpio-touring-350-hd-1.jpg\" alt=\"\" class=\"wp-image-170\" srcset=\"https:\/\/lubelskiekajaki.pl\/wp-content\/uploads\/2025\/05\/kajak-scorpio-touring-350-hd-1.jpg 800w, https:\/\/lubelskiekajaki.pl\/wp-content\/uploads\/2025\/05\/kajak-scorpio-touring-350-hd-1-300x137.jpg 300w, https:\/\/lubelskiekajaki.pl\/wp-content\/uploads\/2025\/05\/kajak-scorpio-touring-350-hd-1-768x349.jpg 768w\" sizes=\"auto, (max-width: 767px) 89vw, (max-width: 1000px) 54vw, (max-width: 1071px) 543px, 580px\" \/><\/figure>\n\n\n\n<p>\u015awietny kajak na kr\u00f3tsze wyprawy i sp\u0142ywy po mniejszych, w\u0119\u017cszych rzekach. Doskonale sprawdzi si\u0119 na wyprawach i jednodniowych sp\u0142ywach. Poradzi sobie na du\u017cych rzekach, ale sw\u00f3j potencja\u0142 poka\u017ce dopiero na w\u0119\u017cszych, cz\u0119sto zwa\u0142kowych, rzekach.<\/p>\n\n\n\n<p><\/p>\n\n\n\n<p><\/p>\n\n\n\n<p>5. <a href=\"https:\/\/sklep.kanokajaki.pl\/creek-rive-running\/283-1008-kajak-wavesport-diesel-70-white-out-promo.html#\/68-kolor-cherry_bomb\">WaveSport Diesel D70<\/a><\/p>\n\n\n\n<figure class=\"wp-block-image size-large\"><img loading=\"lazy\" decoding=\"async\" width=\"1024\" height=\"512\" src=\"https:\/\/lubelskiekajaki.pl\/wp-content\/uploads\/2025\/05\/d-series-65-75-club-lg-1024x512.webp\" alt=\"\" class=\"wp-image-171\" srcset=\"https:\/\/lubelskiekajaki.pl\/wp-content\/uploads\/2025\/05\/d-series-65-75-club-lg-1024x512.webp 1024w, https:\/\/lubelskiekajaki.pl\/wp-content\/uploads\/2025\/05\/d-series-65-75-club-lg-300x150.webp 300w, https:\/\/lubelskiekajaki.pl\/wp-content\/uploads\/2025\/05\/d-series-65-75-club-lg-768x384.webp 768w, https:\/\/lubelskiekajaki.pl\/wp-content\/uploads\/2025\/05\/d-series-65-75-club-lg.webp 1500w\" sizes=\"auto, (max-width: 767px) 89vw, (max-width: 1000px) 54vw, (max-width: 1071px) 543px, 580px\" \/><\/figure>\n\n\n\n<p><\/p>\n\n\n\n<p>Kajak o charakterze g\u00f3rskim. W warunkach nizinnych \u015bwietny do p\u0142ywania po w\u0105skich rzekach zwa\u0142kowych (na Lubelszczy\u017anie to np. rzeki Las\u00f3w Janowskich czy W\u0142odawka). Dobry tak\u017ce do nauki umiej\u0119tno\u015bci kajakowych.<\/p>\n\n\n\n<p><\/p>\n\n\n\n<p><\/p>\n\n\n\n<h2 class=\"wp-block-heading\">Wios\u0142a, kamizelki, akcesoria.<\/h2>\n\n\n\n<p>Wios\u0142a: jednocz\u0119\u015bciowe, sk\u0142adane z 2 i 4 cz\u0119\u015bci, symetryczne i asymetryczne, proste i skr\u0119tne. Mamy modele z aluminium i lekkie kompozytowe, karbonowe wios\u0142a dla koneser\u00f3w. <\/p>\n\n\n\n<p>Kamizelki: <\/p>\n\n\n\n<ul class=\"wp-block-list\">\n<li>Dla doros\u0142ych: kamizelki asekuracyjne w r\u00f3\u017cnych rozmiarach, wyposa\u017cone w regulacj\u0119 paskami zapinanymi na klamry i w dodatkowe pasy krokowe oraz odblaski. Wyporno\u015b\u0107 min. 50 N.<\/li>\n\n\n\n<li>Dla dzieci: kamizelki ratunkowe w r\u00f3\u017cnych rozmiarach, wyposa\u017cone w regulacj\u0119, w pasy krokowe, gwizdki i odblaski. W jaskrawym, pomara\u0144czowym, kolorze. Wyporno\u015b\u0107 100 N.<\/li>\n<\/ul>\n\n\n\n<p>Inne akcesoria: fartuchy kajakowe, w\u00f3zki transportowe, liny cumowe, dodatkowe siatki na baga\u017c, smycze do wiose\u0142, beczki wodoszczelne, worki wodoszczelne o r\u00f3\u017cnych rozmiarach, g\u0105bki. <\/p>\n","protected":false},"excerpt":{"rendered":"<p>Kajaki dwuosobowe: Kr\u00f3tki i zwinny kajak dwuosobowy, z mo\u017cliwo\u015bci\u0105 dostawienia trzeciego oparcia, dla ma\u0142ego dziecka. Wyposa\u017cony w gumki do przewozu baga\u017cu i miejsce na beczk\u0119 transportow\u0105 na rufie. Doskona\u0142y na w\u0119\u017csze rzeki, ale dobry tak\u017ce na wi\u0119kszych akwenach. 2. Roteko Sprinter Szybki i wygodny kajak do p\u0142ywania we dw\u00f3jk\u0119. Mamy wersj\u0119 bez luku baga\u017cowego, w &hellip; <\/p>\n<p class=\"link-more\"><a href=\"https:\/\/lubelskiekajaki.pl\/?page_id=159\" class=\"more-link\">Continue reading<span class=\"screen-reader-text\"> &#8220;Nasz sprz\u0119t&#8221;<\/span><\/a><\/p>\n","protected":false},"author":1,"featured_media":0,"parent":0,"menu_order":0,"comment_status":"closed","ping_status":"closed","template":"","meta":{"_regular_price":[],"currency_symbol":[],"footnotes":""},"class_list":["post-159","page","type-page","status-publish","hentry"],"post_slider_layout_featured_media_urls":{"thumbnail":"","post_slider_layout_landscape_large":"","post_slider_layout_portrait_large":"","post_slider_layout_square_large":"","post_slider_layout_landscape":"","post_slider_layout_portrait":"","post_slider_layout_square":"","full":""},"_links":{"self":[{"href":"https:\/\/lubelskiekajaki.pl\/index.php?rest_route=\/wp\/v2\/pages\/159","targetHints":{"allow":["GET"]}}],"collection":[{"href":"https:\/\/lubelskiekajaki.pl\/index.php?rest_route=\/wp\/v2\/pages"}],"about":[{"href":"https:\/\/lubelskiekajaki.pl\/index.php?rest_route=\/wp\/v2\/types\/page"}],"author":[{"embeddable":true,"href":"https:\/\/lubelskiekajaki.pl\/index.php?rest_route=\/wp\/v2\/users\/1"}],"replies":[{"embeddable":true,"href":"https:\/\/lubelskiekajaki.pl\/index.php?rest_route=%2Fwp%2Fv2%2Fcomments&post=159"}],"version-history":[{"count":6,"href":"https:\/\/lubelskiekajaki.pl\/index.php?rest_route=\/wp\/v2\/pages\/159\/revisions"}],"predecessor-version":[{"id":202,"href":"https:\/\/lubelskiekajaki.pl\/index.php?rest_route=\/wp\/v2\/pages\/159\/revisions\/202"}],"wp:attachment":[{"href":"https:\/\/lubelskiekajaki.pl\/index.php?rest_route=%2Fwp%2Fv2%2Fmedia&parent=159"}],"curies":[{"name":"wp","href":"https:\/\/api.w.org\/{rel}","templated":true}]}}